{"id":3112,"date":"2025-09-28T19:29:14","date_gmt":"2025-09-28T17:29:14","guid":{"rendered":"https:\/\/carolinadossantos.com\/?page_id=3112"},"modified":"2026-01-02T23:29:25","modified_gmt":"2026-01-02T22:29:25","slug":"soporte-tecnico","status":"publish","type":"page","link":"https:\/\/carolinadossantos.com\/index.php\/soporte-tecnico\/","title":{"rendered":"SOPORTE T\u00c9CNICO"},"content":{"rendered":"\n<div class=\"wp-block-cover alignfull is-light has-parallax has-small-font-size\" style=\"border-style:none;border-width:0px;border-radius:0px;margin-top:0;margin-bottom:0;padding-top:0;padding-right:0;padding-bottom:0;padding-left:0;min-height:350px;aspect-ratio:unset;\"><div class=\"wp-block-cover__image-background wp-image-2400 has-parallax\" style=\"background-position:50% 50%;background-image:url(https:\/\/carolinadossantos.com\/wp-content\/uploads\/2025\/09\/WEB_FONDO-FLORES-1.png)\"><\/div><span aria-hidden=\"true\" class=\"wp-block-cover__background has-palette-color-6-background-color has-background-dim-0 has-background-dim\"><\/span><div class=\"wp-block-cover__inner-container is-layout-flow wp-container-core-cover-is-layout-e603688c wp-block-cover-is-layout-flow\">\n<div class=\"wp-block-stackable-spacer stk-block-spacer stk--no-padding stk-block stk-e92944c\" data-block-id=\"e92944c\"><style>.stk-e92944c{height:250px !important}<\/style><\/div>\n\n\n\n<div class=\"wp-block-stackable-text stk-block-text stk-block stk-94e0475\" data-block-id=\"94e0475\"><style>.stk-94e0475{margin-top:0px !important;margin-bottom:30px !important}.stk-94e0475 .stk-block-text__text{font-size:30px !important;color:var(u002du002dtheme-palette-color-3,#b8b0a9) !important;line-height:1.4em !important;font-style:normal !important;letter-spacing:0.5px !important}@media screen and (max-width:1023px){.stk-94e0475 .stk-block-text__text{font-size:30px !important}}<\/style><p class=\"stk-block-text__text has-text-color has-text-align-center\"><span style=\"color: var(--theme-palette-color-1, #b8b0a9);\" class=\"stk-highlight\">Soporte t\u00e9cnico:<br><em>Obt\u00e9n ayuda en el proceso<\/em><\/span><\/p><\/div>\n\n\n\n<div class=\"wp-block-stackable-text stk-block-text stk-block stk-07f60a2\" data-block-id=\"07f60a2\"><style>.stk-07f60a2{margin-top:0px !important;margin-bottom:55px !important}.stk-07f60a2 .stk-block-text__text{font-size:17px !important;color:var(u002du002dtheme-palette-color-3,#b8b0a9) !important;line-height:1.4em !important;font-style:italic !important;letter-spacing:0.5px !important}@media screen and (max-width:1023px){.stk-07f60a2 .stk-block-text__text{font-size:17px !important}}<\/style><p class=\"stk-block-text__text has-text-color has-text-align-center\"><span style=\"color: var(--theme-palette-color-1, #b8b0a9);\" class=\"stk-highlight\">Si ya cuentas con uno o varios estampados para tu colecci\u00f3n,<br>te ayudo a realizar las siguientes tareas:<\/span><\/p><\/div>\n\n\n\n<details class=\"wp-block-stackable-accordion stk-block-accordion stk-inner-blocks stk-block-content stk--single-open stk-block stk-f27acb3 is-style-default\" data-block-id=\"f27acb3\"><style>.stk-f27acb3{max-width:500px !important;padding-top:0px !important;padding-right:0px !important;padding-bottom:0px !important;padding-left:0px !important;margin-right:auto !important;margin-bottom:0px !important;margin-left:auto !important}<\/style>\n<summary class=\"wp-block-stackable-column stk-block-column stk-column stk-block stk-3203689 stk--container-small stk-block-accordion__heading\" data-v=\"4\" data-block-id=\"3203689\"><style>.stk-3203689-container{padding-top:15px !important;padding-right:30px !important;padding-bottom:15px !important;padding-left:30px !important}<\/style><div class=\"stk-column-wrapper stk-block-column__content stk-container stk-3203689-container stk-hover-parent\"><div class=\"stk-block-content stk-inner-blocks stk-3203689-inner-blocks\">\n<div class=\"wp-block-stackable-icon-label stk-block-icon-label stk-block stk-e724b01\" data-block-id=\"e724b01\"><style>.stk-e724b01{overflow:hidden !important}.stk-e724b01 .stk-block-icon{flex-basis:30px !important}<\/style><div class=\"stk-row stk-inner-blocks stk-block-content\">\n<div class=\"wp-block-stackable-heading aligncenter stk-block-heading stk-block-heading--v2 stk-block stk-f7c5d5d\" id=\"span-style-color-var-theme-palette-color-1-b-8-b-0-a-9-class-stk-highlight-digitalizacio-span-n-br-em-de-estampados-fisicos-em\" data-block-id=\"f7c5d5d\"><style>.stk-f7c5d5d{max-width:600px !important;margin-right:auto !important;margin-left:auto !important}.stk-f7c5d5d .stk-block-heading__text{font-size:17px !important;color:var(--theme-palette-color-1,#b8b0a9) !important;letter-spacing:2px !important}@media screen and (max-width:1023px){.stk-f7c5d5d .stk-block-heading__text{font-size:17px !important}}<\/style><h1 class=\"stk-block-heading__text has-text-color has-text-align-center\"><span style=\"color: var(--theme-palette-color-1, #b8b0a9);\" class=\"stk-highlight\">DIGITALIZACI\u00d3<\/span>N<br><em>de estampados f\u00edsicos<\/em><\/h1><\/div>\n<\/div><\/div>\n<\/div><\/div><\/summary>\n\n\n\n<div class=\"wp-block-stackable-column stk-block-column stk-column stk-block stk-c3768f6 stk-block-accordion__content\" data-v=\"4\" data-block-id=\"c3768f6\"><div class=\"stk-column-wrapper stk-block-column__content stk-container stk-c3768f6-container stk--no-background stk--no-padding\"><div class=\"stk-block-content stk-inner-blocks stk-c3768f6-inner-blocks\">\n<div class=\"wp-block-stackable-text stk-block-text stk-block stk-842c037\" data-block-id=\"842c037\"><style>.stk-842c037{margin-top:0px !important;margin-bottom:0px !important}.stk-842c037 .stk-block-text__text{font-size:17px !important;color:var(--theme-palette-color-3,#b8b0a9) !important;line-height:1.4em !important;font-style:italic !important;letter-spacing:0.5px !important}@media screen and (max-width:1023px){.stk-842c037 .stk-block-text__text{font-size:17px !important}}<\/style><p class=\"stk-block-text__text has-text-color has-text-align-center\">Del tejido a la pantalla: convierte un estampado f\u00edsico en un archivo digital limpio, organizado en capas de color,  rapportado y sencillo de usar.<\/p><\/div>\n<\/div><\/div><\/div>\n<\/details>\n\n\n\n<details class=\"wp-block-stackable-accordion stk-block-accordion stk-inner-blocks stk-block-content stk--single-open stk-block stk-e3a853d is-style-default\" data-block-id=\"e3a853d\"><style>.stk-e3a853d{max-width:500px !important;padding-top:0px !important;padding-right:0px !important;padding-bottom:0px !important;padding-left:0px !important;margin-right:auto !important;margin-bottom:0px !important;margin-left:auto !important}<\/style>\n<summary class=\"wp-block-stackable-column stk-block-column stk-column stk-block stk-009702f stk--container-small stk-block-accordion__heading\" data-v=\"4\" data-block-id=\"009702f\"><style>.stk-009702f-container{padding-top:15px !important;padding-right:30px !important;padding-bottom:15px !important;padding-left:30px !important}<\/style><div class=\"stk-column-wrapper stk-block-column__content stk-container stk-009702f-container stk-hover-parent\"><div class=\"stk-block-content stk-inner-blocks stk-009702f-inner-blocks\">\n<div class=\"wp-block-stackable-icon-label stk-block-icon-label stk-block stk-fff9cc3\" data-block-id=\"fff9cc3\"><style>.stk-fff9cc3{overflow:hidden !important}.stk-fff9cc3 .stk-block-icon{flex-basis:30px !important}<\/style><div class=\"stk-row stk-inner-blocks stk-block-content\">\n<div class=\"wp-block-stackable-heading aligncenter stk-block-heading stk-block-heading--v2 stk-block stk-c20fec2\" id=\"limpieza-digital-br-em-de-archivos-antiguos-em\" data-block-id=\"c20fec2\"><style>.stk-c20fec2{max-width:600px !important;margin-right:auto !important;margin-left:auto !important}.stk-c20fec2 .stk-block-heading__text{font-size:17px !important;color:var(--theme-palette-color-1,#b8b0a9) !important;letter-spacing:2px !important}@media screen and (max-width:1023px){.stk-c20fec2 .stk-block-heading__text{font-size:17px !important}}<\/style><h1 class=\"stk-block-heading__text has-text-color has-text-align-center\">LIMPIEZA DIGITAL<br><em>de archivos antiguos<\/em><\/h1><\/div>\n<\/div><\/div>\n<\/div><\/div><\/summary>\n\n\n\n<div class=\"wp-block-stackable-column stk-block-column stk-column stk-block stk-f923d1a stk-block-accordion__content\" data-v=\"4\" data-block-id=\"f923d1a\"><div class=\"stk-column-wrapper stk-block-column__content stk-container stk-f923d1a-container stk--no-background stk--no-padding\"><div class=\"stk-block-content stk-inner-blocks stk-f923d1a-inner-blocks\">\n<div class=\"wp-block-stackable-text stk-block-text stk-block stk-30abdc8\" data-block-id=\"30abdc8\"><style>.stk-30abdc8{margin-top:0px !important;margin-bottom:0px !important}.stk-30abdc8 .stk-block-text__text{font-size:17px !important;color:var(--theme-palette-color-3,#b8b0a9) !important;line-height:1.4em !important;font-style:italic !important;letter-spacing:0.5px !important}@media screen and (max-width:1023px){.stk-30abdc8 .stk-block-text__text{font-size:17px !important}}<\/style><p class=\"stk-block-text__text has-text-color has-text-align-center\">Para poder volver a usar estampados guardados en JPEG, o actualizar archivos antiguos.<\/p><\/div>\n<\/div><\/div><\/div>\n<\/details>\n\n\n\n<details class=\"wp-block-stackable-accordion stk-block-accordion stk-inner-blocks stk-block-content stk--single-open stk-block stk-f9c8a9c is-style-default\" data-block-id=\"f9c8a9c\"><style>.stk-f9c8a9c{max-width:500px !important;padding-top:0px !important;padding-right:0px !important;padding-bottom:0px !important;padding-left:0px !important;margin-right:auto !important;margin-bottom:0px !important;margin-left:auto !important}<\/style>\n<summary class=\"wp-block-stackable-column stk-block-column stk-column stk-block stk-bfbdc9c stk--container-small stk-block-accordion__heading\" data-v=\"4\" data-block-id=\"bfbdc9c\"><style>.stk-bfbdc9c-container{padding-top:15px !important;padding-right:30px !important;padding-bottom:15px !important;padding-left:30px !important}<\/style><div class=\"stk-column-wrapper stk-block-column__content stk-container stk-bfbdc9c-container stk-hover-parent\"><div class=\"stk-block-content stk-inner-blocks stk-bfbdc9c-inner-blocks\">\n<div class=\"wp-block-stackable-icon-label stk-block-icon-label stk-block stk-d317e98\" data-block-id=\"d317e98\"><style>.stk-d317e98{overflow:hidden !important}.stk-d317e98 .stk-block-icon{flex-basis:30px !important}<\/style><div class=\"stk-row stk-inner-blocks stk-block-content\">\n<div class=\"wp-block-stackable-heading aligncenter stk-block-heading stk-block-heading--v2 stk-block stk-ba3e089\" id=\"separacion-de-color-br-em-y-agrupacion-por-capas-span-style-color-var-theme-palette-color-1-b-8-b-0-a-9-class-stk-highlight-i-i-span-em\" data-block-id=\"ba3e089\"><style>.stk-ba3e089{max-width:600px !important;margin-right:auto !important;margin-left:auto !important}.stk-ba3e089 .stk-block-heading__text{font-size:17px !important;color:var(--theme-palette-color-1,#b8b0a9) !important;letter-spacing:2px !important}@media screen and (max-width:1023px){.stk-ba3e089 .stk-block-heading__text{font-size:17px !important}}<\/style><h1 class=\"stk-block-heading__text has-text-color has-text-align-center\">SEPARACI\u00d3N DE COLOR<br><em>y agrupaci\u00f3n por capas<span style=\"color: var(--theme-palette-color-1, #b8b0a9);\" class=\"stk-highlight\"><i> <\/i><\/span><\/em><\/h1><\/div>\n<\/div><\/div>\n<\/div><\/div><\/summary>\n\n\n\n<div class=\"wp-block-stackable-column stk-block-column stk-column stk-block stk-db283fb stk-block-accordion__content\" data-v=\"4\" data-block-id=\"db283fb\"><div class=\"stk-column-wrapper stk-block-column__content stk-container stk-db283fb-container stk--no-background stk--no-padding\"><div class=\"stk-block-content stk-inner-blocks stk-db283fb-inner-blocks\">\n<div class=\"wp-block-stackable-text stk-block-text stk-block stk-a5c47db\" data-block-id=\"a5c47db\"><style>.stk-a5c47db{margin-top:0px !important;margin-bottom:0px !important}.stk-a5c47db .stk-block-text__text{font-size:17px !important;color:var(--theme-palette-color-3,#b8b0a9) !important;line-height:1.4em !important;font-style:italic !important;letter-spacing:0.5px !important}@media screen and (max-width:1023px){.stk-a5c47db .stk-block-text__text{font-size:17px !important}}<\/style><p class=\"stk-block-text__text has-text-color has-text-align-center\">Para simplificar los colores de tu archivo, organizarlos por capas, y adaptarlos a los requerimientos presupuestarios y tipo de estampaci\u00f3n.<\/p><\/div>\n<\/div><\/div><\/div>\n<\/details>\n\n\n\n<details class=\"wp-block-stackable-accordion stk-block-accordion stk-inner-blocks stk-block-content stk--single-open stk-block stk-67a2608 is-style-default\" data-block-id=\"67a2608\"><style>.stk-67a2608{max-width:500px !important;padding-top:0px !important;padding-right:0px !important;padding-bottom:0px !important;padding-left:0px !important;margin-right:auto !important;margin-bottom:0px !important;margin-left:auto !important}<\/style>\n<summary class=\"wp-block-stackable-column stk-block-column stk-column stk-block stk-976be76 stk--container-small stk-block-accordion__heading\" data-v=\"4\" data-block-id=\"976be76\"><style>.stk-976be76-container{padding-top:15px !important;padding-right:30px !important;padding-bottom:15px !important;padding-left:30px !important}<\/style><div class=\"stk-column-wrapper stk-block-column__content stk-container stk-976be76-container stk-hover-parent\"><div class=\"stk-block-content stk-inner-blocks stk-976be76-inner-blocks\">\n<div class=\"wp-block-stackable-icon-label stk-block-icon-label stk-block stk-f4e5549\" data-block-id=\"f4e5549\"><style>.stk-f4e5549{overflow:hidden !important}.stk-f4e5549 .stk-block-icon{flex-basis:30px !important}<\/style><div class=\"stk-row stk-inner-blocks stk-block-content\">\n<div class=\"wp-block-stackable-heading aligncenter stk-block-heading stk-block-heading--v2 stk-block stk-7f9fe3e\" id=\"rapportado-br-em-sin-cortes-y-con-buen-diseno-span-style-color-var-theme-palette-color-1-b-8-b-0-a-9-class-stk-highlight-i-i-span-em\" data-block-id=\"7f9fe3e\"><style>.stk-7f9fe3e{max-width:600px !important;margin-right:auto !important;margin-left:auto !important}.stk-7f9fe3e .stk-block-heading__text{font-size:17px !important;color:var(--theme-palette-color-1,#b8b0a9) !important;letter-spacing:2px !important}@media screen and (max-width:1023px){.stk-7f9fe3e .stk-block-heading__text{font-size:17px !important}}<\/style><h1 class=\"stk-block-heading__text has-text-color has-text-align-center\">RAPPORTADO<br><em>sin cortes y con buen dise\u00f1o<span style=\"color: var(--theme-palette-color-1, #b8b0a9);\" class=\"stk-highlight\"><i> <\/i><\/span><\/em><\/h1><\/div>\n<\/div><\/div>\n<\/div><\/div><\/summary>\n\n\n\n<div class=\"wp-block-stackable-column stk-block-column stk-column stk-block stk-25bdf86 stk-block-accordion__content\" data-v=\"4\" data-block-id=\"25bdf86\"><div class=\"stk-column-wrapper stk-block-column__content stk-container stk-25bdf86-container stk--no-background stk--no-padding\"><div class=\"stk-block-content stk-inner-blocks stk-25bdf86-inner-blocks\">\n<div class=\"wp-block-stackable-text stk-block-text stk-block stk-4b445aa\" data-block-id=\"4b445aa\"><style>.stk-4b445aa{margin-top:0px !important;margin-bottom:0px !important}.stk-4b445aa .stk-block-text__text{font-size:17px !important;color:var(--theme-palette-color-3,#b8b0a9) !important;line-height:1.4em !important;font-style:italic !important;letter-spacing:0.5px !important}@media screen and (max-width:1023px){.stk-4b445aa .stk-block-text__text{font-size:17px !important}}<\/style><p class=\"stk-block-text__text has-text-color has-text-align-center\">Obt\u00e9n un rapport perfecto, agiliza la fabricaci\u00f3n del muestrario y evita errores en la producci\u00f3n.<\/p><\/div>\n<\/div><\/div><\/div>\n<\/details>\n\n\n\n<details class=\"wp-block-stackable-accordion stk-block-accordion stk-inner-blocks stk-block-content stk--single-open stk-block stk-af01082 is-style-default\" data-block-id=\"af01082\"><style>.stk-af01082{max-width:500px !important;padding-top:0px !important;padding-right:0px !important;padding-bottom:0px !important;padding-left:0px !important;margin-right:auto !important;margin-bottom:120px !important;margin-left:auto !important}<\/style>\n<summary class=\"wp-block-stackable-column stk-block-column stk-column stk-block stk-33c54a1 stk--container-small stk-block-accordion__heading\" data-v=\"4\" data-block-id=\"33c54a1\"><style>.stk-33c54a1-container{padding-top:15px !important;padding-right:30px !important;padding-bottom:15px !important;padding-left:30px !important}<\/style><div class=\"stk-column-wrapper stk-block-column__content stk-container stk-33c54a1-container stk-hover-parent\"><div class=\"stk-block-content stk-inner-blocks stk-33c54a1-inner-blocks\">\n<div class=\"wp-block-stackable-icon-label stk-block-icon-label stk-block stk-37bc1c7\" data-block-id=\"37bc1c7\"><style>.stk-37bc1c7{overflow:hidden !important}.stk-37bc1c7 .stk-block-icon{flex-basis:30px !important}<\/style><div class=\"stk-row stk-inner-blocks stk-block-content\">\n<div class=\"wp-block-stackable-heading aligncenter stk-block-heading stk-block-heading--v2 stk-block stk-ab14b2c\" id=\"fichas-tecnicas-br-em-de-all-overs-y-posicionados-span-style-color-var-theme-palette-color-1-b-8-b-0-a-9-class-stk-highlight-i-i-span-em\" data-block-id=\"ab14b2c\"><style>.stk-ab14b2c{max-width:600px !important;margin-right:auto !important;margin-left:auto !important}.stk-ab14b2c .stk-block-heading__text{font-size:17px !important;color:var(--theme-palette-color-1,#b8b0a9) !important;letter-spacing:2px !important}@media screen and (max-width:1023px){.stk-ab14b2c .stk-block-heading__text{font-size:17px !important}}<\/style><h1 class=\"stk-block-heading__text has-text-color has-text-align-center\">FICHAS T\u00c9CNICAS<br><em>de all overs y posicionados<span style=\"color: var(--theme-palette-color-1, #b8b0a9);\" class=\"stk-highlight\"><i> <\/i><\/span><\/em><\/h1><\/div>\n<\/div><\/div>\n<\/div><\/div><\/summary>\n\n\n\n<div class=\"wp-block-stackable-column stk-block-column stk-column stk-block stk-b409501 stk-block-accordion__content\" data-v=\"4\" data-block-id=\"b409501\"><div class=\"stk-column-wrapper stk-block-column__content stk-container stk-b409501-container stk--no-background stk--no-padding\"><div class=\"stk-block-content stk-inner-blocks stk-b409501-inner-blocks\">\n<div class=\"wp-block-stackable-text stk-block-text stk-block stk-f670c39\" data-block-id=\"f670c39\"><style>.stk-f670c39{margin-top:0px !important;margin-bottom:0px !important}.stk-f670c39 .stk-block-text__text{font-size:17px !important;color:var(--theme-palette-color-3,#b8b0a9) !important;line-height:1.4em !important;font-style:italic !important;letter-spacing:0.5px !important}@media screen and (max-width:1023px){.stk-f670c39 .stk-block-text__text{font-size:17px !important}}<\/style><p class=\"stk-block-text__text has-text-color has-text-align-center\">Env\u00eda fichas t\u00e9cnicas \u00f3ptimas al taller, que faciliten la comprensi\u00f3n, y recibe las primeras muestras lo m\u00e1s acertadas posible.<\/p><\/div>\n<\/div><\/div><\/div>\n<\/details>\n\n\n\n<div class=\"wp-block-stackable-text stk-block-text stk-block stk-fb63551\" data-block-id=\"fb63551\"><style>.stk-fb63551{margin-bottom:120px !important}.stk-fb63551 .stk-block-text__text{font-size:17px !important;color:var(u002du002dtheme-palette-color-3,#b8b0a9) !important;line-height:1.4em !important;font-style:italic !important;letter-spacing:0.5px !important}@media screen and (max-width:1023px){.stk-fb63551 .stk-block-text__text{font-size:17px !important}}<\/style><p class=\"stk-block-text__text has-text-color has-text-align-center\"><span style=\"color: var(--theme-palette-color-1, #b8b0a9);\" class=\"stk-highlight\">Te garantizo un <strong>resultado \u00f3ptimo<\/strong>, ajustado a tu timming,<br>y <strong>archivos digitales sencillos<\/strong>, f\u00e1ciles de usar por ti o tu equipo.<br><br>Si necesitas ayuda en alguna otra tarea relacionado con tus estampados,<br>no dudes en cominc\u00e1rmelo: <strong>juntas encontraremos una soluci\u00f3n<\/strong>.<\/span><\/p><\/div>\n\n\n\n<div class=\"wp-block-stackable-text stk-block-text stk-block stk-3fc752b\" data-block-id=\"3fc752b\"><style>.stk-3fc752b{margin-top:0px !important;margin-bottom:60px !important}.stk-3fc752b .stk-block-text__text{font-size:30px !important;color:var(u002du002dtheme-palette-color-3,#b8b0a9) !important;line-height:1.4em !important;font-style:normal !important;letter-spacing:0.5px !important}@media screen and (max-width:1023px){.stk-3fc752b .stk-block-text__text{font-size:30px !important}}<\/style><p class=\"stk-block-text__text has-text-color has-text-align-center\"><span style=\"color: var(--theme-palette-color-1, #b8b0a9);\" class=\"stk-highlight\">Cu\u00e9ntame, <em>\u00bfqu\u00e9 necesitas<\/em><\/span><em><span style=\"color: var(--theme-palette-color-1, #b8b0a9);\" class=\"stk-highlight\">?<\/span><\/em><\/p><\/div>\n\n\n\n<div class=\"wp-block-stackable-button-group stk-block-button-group stk-block stk-dc5e79f\" data-block-id=\"dc5e79f\"><style>.stk-dc5e79f{margin-bottom:0px !important}<\/style><div class=\"stk-row stk-inner-blocks has-text-align-center stk-block-content stk-button-group\">\n<div class=\"wp-block-stackable-button stk-block-button has-text-align-center is-style-ghost stk-block stk-eb4d185\" data-block-id=\"eb4d185\"><style>.stk-eb4d185{align-items:center !important;margin-bottom:0px !important;display:flex !important}.stk-eb4d185 .stk-button{background:transparent !important}.stk-eb4d185 .stk-button:hover:after{background:transparent !important;opacity:1 !important}:where(.stk-hover-parent:hover,.stk-hover-parent.stk--is-hovered) .stk-eb4d185 .stk-button:after{background:transparent !important;opacity:1 !important}.stk-eb4d185 .stk-button:before{border-style:solid !important;border-color:var(--theme-palette-color-1,#b8b0a9) !important;border-top-width:0px !important;border-right-width:1px !important;border-bottom-width:0px !important;border-left-width:1px !important}.stk-eb4d185 .stk-button .stk--inner-svg svg:last-child,.stk-eb4d185 .stk-button .stk--inner-svg svg:last-child :is(g,path,rect,polygon,ellipse){fill:var(u002du002dtheme-palette-color-6,#ffffff) !important}.stk-eb4d185 .stk-button__inner-text{font-size:1em !important;color:var(--theme-palette-color-1,#b8b0a9) !important;line-height:1em !important;letter-spacing:3px !important}@media screen and (max-width:1023px){.stk-eb4d185 .stk-button__inner-text{font-size:1em !important}}<\/style><a class=\"stk-link stk-button stk--hover-effect-scale\" href=\"https:\/\/carolinadossantos.com\/index.php\/contact-us\/\" rel=\"noreferrer noopener\"><span class=\"has-text-color stk-button__inner-text\">CONTACTA<\/span><\/a><\/div>\n<\/div><\/div>\n\n\n\n<div class=\"wp-block-stackable-spacer stk-block-spacer stk--no-padding stk-block stk-e166c2c\" data-block-id=\"e166c2c\"><style>.stk-e166c2c{height:120px !important}<\/style><\/div>\n<\/div><\/div>\n","protected":false},"excerpt":{"rendered":"","protected":false},"author":1,"featured_media":0,"parent":0,"menu_order":0,"comment_status":"closed","ping_status":"closed","template":"","meta":{"pgc_sgb_lightbox_settings":"","footnotes":""},"class_list":["post-3112","page","type-page","status-publish","hentry"],"blocksy_meta":[],"featured_image_urls":{"full":"","thumbnail":"","medium":"","medium_large":"","large":"","1536x1536":"","2048x2048":"","woocommerce_archive_thumbnail":"","woocommerce_thumbnail":"","woocommerce_single":"","woocommerce_gallery_thumbnail":""},"post_excerpt_stackable":"<p>Soporte t\u00e9cnico:Obt\u00e9n ayuda en el proceso Si ya cuentas con uno o varios estampados para tu colecci\u00f3n,te ayudo a realizar las siguientes tareas: DIGITALIZACI\u00d3Nde estampados f\u00edsicos Del tejido a la pantalla: convierte un estampado f\u00edsico en un archivo digital limpio, organizado en capas de color, rapportado y sencillo de usar. LIMPIEZA DIGITALde archivos antiguos Para poder volver a usar estampados guardados en JPEG, o actualizar archivos antiguos. SEPARACI\u00d3N DE COLORy agrupaci\u00f3n por capas Para simplificar los colores de tu archivo, organizarlos por capas, y adaptarlos a los requerimientos presupuestarios y tipo de estampaci\u00f3n. RAPPORTADOsin cortes y con buen dise\u00f1o Obt\u00e9n&hellip;<\/p>\n","category_list":"","author_info":{"name":"CarolinaDosSantos","url":"https:\/\/carolinadossantos.com\/index.php\/author\/carolinadossantos\/"},"comments_num":"0 comentarios","_links":{"self":[{"href":"https:\/\/carolinadossantos.com\/index.php\/wp-json\/wp\/v2\/pages\/3112","targetHints":{"allow":["GET"]}}],"collection":[{"href":"https:\/\/carolinadossantos.com\/index.php\/wp-json\/wp\/v2\/pages"}],"about":[{"href":"https:\/\/carolinadossantos.com\/index.php\/wp-json\/wp\/v2\/types\/page"}],"author":[{"embeddable":true,"href":"https:\/\/carolinadossantos.com\/index.php\/wp-json\/wp\/v2\/users\/1"}],"replies":[{"embeddable":true,"href":"https:\/\/carolinadossantos.com\/index.php\/wp-json\/wp\/v2\/comments?post=3112"}],"version-history":[{"count":26,"href":"https:\/\/carolinadossantos.com\/index.php\/wp-json\/wp\/v2\/pages\/3112\/revisions"}],"predecessor-version":[{"id":3487,"href":"https:\/\/carolinadossantos.com\/index.php\/wp-json\/wp\/v2\/pages\/3112\/revisions\/3487"}],"wp:attachment":[{"href":"https:\/\/carolinadossantos.com\/index.php\/wp-json\/wp\/v2\/media?parent=3112"}],"curies":[{"name":"wp","href":"https:\/\/api.w.org\/{rel}","templated":true}]}}