{"id":2935,"date":"2025-09-25T18:20:51","date_gmt":"2025-09-25T16:20:51","guid":{"rendered":"https:\/\/carolinadossantos.com\/?page_id=2935"},"modified":"2025-10-05T20:48:42","modified_gmt":"2025-10-05T18:48:42","slug":"envios","status":"publish","type":"page","link":"https:\/\/carolinadossantos.com\/index.php\/envios\/","title":{"rendered":"Informaci\u00f3n env\u00edo"},"content":{"rendered":"\n<div class=\"wp-block-cover alignfull is-light has-parallax has-small-font-size\" style=\"border-style:none;border-width:0px;border-radius:0px;margin-top:0;margin-bottom:0;padding-top:0;padding-right:0;padding-bottom:0;padding-left:0;min-height:350px;aspect-ratio:unset;\"><div class=\"wp-block-cover__image-background wp-image-2400 has-parallax\" style=\"background-position:50% 50%;background-image:url(https:\/\/carolinadossantos.com\/wp-content\/uploads\/2025\/09\/WEB_FONDO-FLORES-1.png)\"><\/div><span aria-hidden=\"true\" class=\"wp-block-cover__background has-palette-color-6-background-color has-background-dim-0 has-background-dim\"><\/span><div class=\"wp-block-cover__inner-container is-layout-flow wp-container-core-cover-is-layout-e603688c wp-block-cover-is-layout-flow\">\n<div class=\"wp-block-stackable-spacer stk-block-spacer stk--no-padding stk-block stk-e92944c\" data-block-id=\"e92944c\"><style>.stk-e92944c{height:250px !important}<\/style><\/div>\n\n\n\n<div class=\"wp-block-stackable-text stk-block-text stk-block stk-94e0475\" data-block-id=\"94e0475\"><style>.stk-94e0475{max-width:1200px !important;margin-top:0px !important;margin-right:auto !important;margin-bottom:30px !important;margin-left:auto !important}.stk-94e0475 .stk-block-text__text{font-size:30px !important;color:var(u002du002dtheme-palette-color-3,#b8b0a9) !important;line-height:1.4em !important;font-style:normal !important;letter-spacing:0.5px !important}@media screen and (max-width:1023px){.stk-94e0475 .stk-block-text__text{font-size:30px !important}}<\/style><p class=\"stk-block-text__text has-text-color has-text-align-center\"><span style=\"color: var(--theme-palette-color-1, #b8b0a9);\" class=\"stk-highlight\">Informaci\u00f3n env\u00edo<\/span><\/p><\/div>\n\n\n\n<div class=\"wp-block-stackable-text stk-block-text stk-block stk-07f60a2\" data-block-id=\"07f60a2\"><style>.stk-07f60a2{max-width:600px !important;margin-top:0px !important;margin-right:auto !important;margin-bottom:0px !important;margin-left:auto !important}.stk-07f60a2 .stk-block-text__text{font-size:15px !important;color:var(u002du002dtheme-palette-color-3,#b8b0a9) !important;line-height:1.4em !important;font-style:normal !important;letter-spacing:0.5px !important}@media screen and (max-width:1023px){.stk-07f60a2 .stk-block-text__text{font-size:15px !important}}<\/style><p class=\"stk-block-text__text has-text-color has-text-align-justify\">\u200b<span style=\"color: var(--theme-palette-color-1, #b8b0a9);\" class=\"stk-highlight\">Tu pedido ser\u00e1 enviado por <strong>Correos<\/strong>, que realizar\u00e1 dos intentos de entrega. Si estas ausente te deber\u00edan de dejar un mensaje en tu tel\u00e9fono o email.\u200b<br>En caso de no poder entregarte el pedido tras estos dos intentos, se almacenar\u00e1 durante 15 d\u00edas en tu oficina de Correos m\u00e1s cercana.<br>Pasado este tiempo, nos devolver\u00edan el paquete y tendr\u00edas que pagar los gastos de env\u00edo nuevamente.<br><br><strong>Gastos de env\u00edo<\/strong><br><strong>4\u20ac &#8211; Env\u00edo de la comunidad aut\u00f3noma de Catalu\u00f1a.<\/strong> El env\u00edo de libros tiene otro coste por peso. Plazo de entrega entre 3 y 7 d\u00edas.<br><strong>5\u20ac &#8211; Env\u00edo nacional, incluido Andorra.<\/strong> El env\u00edo de libros tiene otro coste por peso. Plazo de entrega entre 4 y 8 d\u00edas.<br><strong>6\u20ac &#8211; Env\u00edo a islas.<\/strong> Se requiere dni para los env\u00edos a Canarias. El env\u00edo de libros tiene otro coste por peso. Plazo de entrega entre 5 y 9 d\u00edas.<br><strong>12\u20ac &#8211; Env\u00edo internacional europeo.<\/strong> El env\u00edo de libros tiene otro coste por peso, plazo de entrega entre 10 y 20 d\u00edas.<br><strong>15\u20ac &#8211; Env\u00edo internacional, resto de pa\u00edses.<\/strong> El env\u00edo de libros tiene otro coste por peso, plazo de entrega entre 15 y 25 d\u00edas.<br><br>Los <strong>env\u00edos a pa\u00edses fuera de Espa\u00f1a<\/strong> pueden estar sujetos a impuestos, aranceles aduaneros y tarifas aplicadas por el pa\u00eds de destino.<br>El destinatario del env\u00edo es el importador registrado en el pa\u00eds de destino y es responsable de todos los aranceles de importaci\u00f3n.<br>En ning\u00fan caso esta tienda online se har\u00e1 cargo de estos gastos.<br>\u200b<br>El tel\u00e9fono se solicita \u00fanicamente para que el transportista pueda contactar y hacer la entrega.<br>&nbsp;<br>Se puede solicitar el n\u00famero de seguimiento del env\u00edo para comprobar el estado mediante un enlace en&nbsp;<a href=\"https:\/\/www.correos.es\/es\/es\/herramientas\/localizador\/envios\" target=\"_blank\" rel=\"noreferrer noopener\">www.correos.es<\/a>.<br>&nbsp;<br>En caso de no recibir tu pedido en los plazos acordados, rogamos lo notifiques por mail a&nbsp;<a href=\"mailto:hola@carolinadossantos.com\">hola@carolinadossantos.com<\/a><\/span>.<\/p><\/div>\n\n\n\n<div class=\"wp-block-stackable-spacer stk-block-spacer stk--no-padding stk-block stk-5d17c0f\" data-block-id=\"5d17c0f\"><style>.stk-5d17c0f{height:120px !important}<\/style><\/div>\n\n\n\n<div class=\"wp-block-stackable-columns stk-block-columns stk-block stk-72656e7\" data-block-id=\"72656e7\"><style>.stk-72656e7{margin-bottom:0px !important}.stk-72656e7-column{max-width:800px !important;justify-content:space-around !important}<\/style><div class=\"stk-row stk-inner-blocks stk-block-content stk-content-align stk-72656e7-column stk--flex\">\n<div class=\"wp-block-stackable-column stk-block-column stk-column stk-block stk-850f763\" data-v=\"4\" data-block-id=\"850f763\"><div class=\"stk-column-wrapper stk-block-column__content stk-container stk-850f763-container stk--no-background stk--no-padding\"><div class=\"stk-block-content stk-inner-blocks stk-850f763-inner-blocks\">\n<div class=\"wp-block-stackable-button-group stk-block-button-group stk-block stk-9158b2d\" data-block-id=\"9158b2d\"><div class=\"stk-row stk-inner-blocks stk-block-content stk-button-group\">\n<div class=\"wp-block-stackable-button stk-block-button has-text-align-center is-style-ghost stk-block stk-f14a657\" data-block-id=\"f14a657\"><style>.stk-f14a657{align-items:center !important;display:flex !important}.stk-f14a657 .stk-button{background:#00000000 !important}.stk-f14a657 .stk-button:hover:after{background:transparent !important;opacity:1 !important}:where(.stk-hover-parent:hover,.stk-hover-parent.stk--is-hovered) .stk-f14a657 .stk-button:after{background:transparent !important;opacity:1 !important}.stk-f14a657 .stk-button:before{border-style:solid !important;border-color:var(--theme-palette-color-1,#b8b0a9) !important;border-top-width:0px !important;border-right-width:1px !important;border-bottom-width:0px !important;border-left-width:1px !important}.stk-f14a657 .stk-button__inner-text{color:var(--theme-palette-color-1,#b8b0a9) !important}<\/style><a class=\"stk-link stk-button stk--hover-effect-scale\" href=\"https:\/\/carolinadossantos.com\/index.php\/dudas-frecuentes\/\"><span class=\"has-text-color stk-button__inner-text\">DUDAS FRECUENTES<\/span><\/a><\/div>\n<\/div><\/div>\n<\/div><\/div><\/div>\n\n\n\n<div class=\"wp-block-stackable-column stk-block-column stk-column stk-block stk-66af1bd\" data-v=\"4\" data-block-id=\"66af1bd\"><div class=\"stk-column-wrapper stk-block-column__content stk-container stk-66af1bd-container stk--no-background stk--no-padding\"><div class=\"stk-block-content stk-inner-blocks stk-66af1bd-inner-blocks\">\n<div class=\"wp-block-stackable-button-group stk-block-button-group stk-block stk-4313f89\" data-block-id=\"4313f89\"><div class=\"stk-row stk-inner-blocks stk-block-content stk-button-group\">\n<div class=\"wp-block-stackable-button stk-block-button has-text-align-center is-style-ghost stk-block stk-8f22ebe\" data-block-id=\"8f22ebe\"><style>.stk-8f22ebe{align-items:center !important;display:flex !important}.stk-8f22ebe .stk-button{background:#00000000 !important}.stk-8f22ebe .stk-button:hover:after{background:transparent !important;opacity:1 !important}:where(.stk-hover-parent:hover,.stk-hover-parent.stk--is-hovered) .stk-8f22ebe .stk-button:after{background:transparent !important;opacity:1 !important}.stk-8f22ebe .stk-button:before{border-style:solid !important;border-color:var(--theme-palette-color-1,#b8b0a9) !important;border-top-width:0px !important;border-right-width:1px !important;border-bottom-width:0px !important;border-left-width:1px !important}.stk-8f22ebe .stk-button__inner-text{color:var(--theme-palette-color-1,#b8b0a9) !important}<\/style><a class=\"stk-link stk-button stk--hover-effect-scale\" href=\"https:\/\/carolinadossantos.com\/index.php\/tienda\/\"><span class=\"has-text-color stk-button__inner-text\">TIENDAS F\u00cdSICAS<\/span><\/a><\/div>\n<\/div><\/div>\n<\/div><\/div><\/div>\n\n\n\n<div class=\"wp-block-stackable-column stk-block-column stk-column stk-block stk-33a5b29\" data-v=\"4\" data-block-id=\"33a5b29\"><div class=\"stk-column-wrapper stk-block-column__content stk-container stk-33a5b29-container stk--no-background stk--no-padding\"><div class=\"stk-block-content stk-inner-blocks stk-33a5b29-inner-blocks\">\n<div class=\"wp-block-stackable-button-group stk-block-button-group stk-block stk-042eb81\" data-block-id=\"042eb81\"><div class=\"stk-row stk-inner-blocks stk-block-content stk-button-group\">\n<div class=\"wp-block-stackable-button stk-block-button has-text-align-center is-style-ghost stk-block stk-2ee4204\" data-block-id=\"2ee4204\"><style>.stk-2ee4204{align-items:center !important;display:flex !important}.stk-2ee4204 .stk-button{background:#00000000 !important}.stk-2ee4204 .stk-button:hover:after{background:transparent !important;opacity:1 !important}:where(.stk-hover-parent:hover,.stk-hover-parent.stk--is-hovered) .stk-2ee4204 .stk-button:after{background:transparent !important;opacity:1 !important}.stk-2ee4204 .stk-button:before{border-style:solid !important;border-color:var(--theme-palette-color-1,#b8b0a9) !important;border-top-width:0px !important;border-right-width:1px !important;border-bottom-width:0px !important;border-left-width:1px !important}.stk-2ee4204 .stk-button__inner-text{color:var(--theme-palette-color-1,#b8b0a9) !important}<\/style><a class=\"stk-link stk-button stk--hover-effect-scale\" href=\"\"><span class=\"has-text-color stk-button__inner-text\">INFORMACI\u00d3N ENV\u00cdO<\/span><\/a><\/div>\n<\/div><\/div>\n<\/div><\/div><\/div>\n<\/div><\/div>\n\n\n\n<div class=\"wp-block-stackable-spacer stk-block-spacer stk--no-padding stk-block stk-e1b141e\" data-block-id=\"e1b141e\"><style>.stk-e1b141e{height:120px !important}<\/style><\/div>\n<\/div><\/div>\n","protected":false},"excerpt":{"rendered":"","protected":false},"author":1,"featured_media":0,"parent":0,"menu_order":0,"comment_status":"closed","ping_status":"closed","template":"","meta":{"pgc_sgb_lightbox_settings":"","footnotes":""},"class_list":["post-2935","page","type-page","status-publish","hentry"],"blocksy_meta":[],"featured_image_urls":{"full":"","thumbnail":"","medium":"","medium_large":"","large":"","1536x1536":"","2048x2048":"","woocommerce_archive_thumbnail":"","woocommerce_thumbnail":"","woocommerce_single":"","woocommerce_gallery_thumbnail":""},"post_excerpt_stackable":"<p>Informaci\u00f3n env\u00edo \u200bTu pedido ser\u00e1 enviado por Correos, que realizar\u00e1 dos intentos de entrega. Si estas ausente te deber\u00edan de dejar un mensaje en tu tel\u00e9fono o email.\u200bEn caso de no poder entregarte el pedido tras estos dos intentos, se almacenar\u00e1 durante 15 d\u00edas en tu oficina de Correos m\u00e1s cercana.Pasado este tiempo, nos devolver\u00edan el paquete y tendr\u00edas que pagar los gastos de env\u00edo nuevamente.Gastos de env\u00edo4\u20ac &#8211; Env\u00edo de la comunidad aut\u00f3noma de Catalu\u00f1a. El env\u00edo de libros tiene otro coste por peso. Plazo de entrega entre 3 y 7 d\u00edas.5\u20ac &#8211; Env\u00edo nacional, incluido Andorra. El env\u00edo&hellip;<\/p>\n","category_list":"","author_info":{"name":"CarolinaDosSantos","url":"https:\/\/carolinadossantos.com\/index.php\/author\/carolinadossantos\/"},"comments_num":"0 comentarios","_links":{"self":[{"href":"https:\/\/carolinadossantos.com\/index.php\/wp-json\/wp\/v2\/pages\/2935","targetHints":{"allow":["GET"]}}],"collection":[{"href":"https:\/\/carolinadossantos.com\/index.php\/wp-json\/wp\/v2\/pages"}],"about":[{"href":"https:\/\/carolinadossantos.com\/index.php\/wp-json\/wp\/v2\/types\/page"}],"author":[{"embeddable":true,"href":"https:\/\/carolinadossantos.com\/index.php\/wp-json\/wp\/v2\/users\/1"}],"replies":[{"embeddable":true,"href":"https:\/\/carolinadossantos.com\/index.php\/wp-json\/wp\/v2\/comments?post=2935"}],"version-history":[{"count":14,"href":"https:\/\/carolinadossantos.com\/index.php\/wp-json\/wp\/v2\/pages\/2935\/revisions"}],"predecessor-version":[{"id":3425,"href":"https:\/\/carolinadossantos.com\/index.php\/wp-json\/wp\/v2\/pages\/2935\/revisions\/3425"}],"wp:attachment":[{"href":"https:\/\/carolinadossantos.com\/index.php\/wp-json\/wp\/v2\/media?parent=2935"}],"curies":[{"name":"wp","href":"https:\/\/api.w.org\/{rel}","templated":true}]}}